{"id":1841,"date":"2021-02-24T13:41:16","date_gmt":"2021-02-24T12:41:16","guid":{"rendered":"http:\/\/melba-stands.eu\/?page_id=1841"},"modified":"2021-02-24T13:41:17","modified_gmt":"2021-02-24T12:41:17","slug":"pfr","status":"publish","type":"page","link":"https:\/\/melba-stands.eu\/?page_id=1841","title":{"rendered":"PFR"},"content":{"rendered":"\n<p>Z.P.U Melba Andrzej Banasiewicz w roku 2021 uzyska\u0142a Subwencj\u0119 Finansow\u0105. Podmiotem udzielaj\u0105cym wsparcia by\u0142 Polski Fundusz Rozwoju<\/p>\n","protected":false},"excerpt":{"rendered":"<p>Z.P.U Melba Andrzej Banasiewicz w roku 2021 uzyska\u0142a Subwencj\u0119 Finansow\u0105. Podmiotem udzielaj\u0105cym wsparcia by\u0142 Polski Fundusz Rozwoju<\/p>\n","protected":false},"author":1,"featured_media":0,"parent":0,"menu_order":0,"comment_status":"closed","ping_status":"closed","template":"","meta":{"ngg_post_thumbnail":0,"footnotes":""},"class_list":["post-1841","page","type-page","status-publish","hentry"],"_links":{"self":[{"href":"https:\/\/melba-stands.eu\/index.php?rest_route=\/wp\/v2\/pages\/1841","targetHints":{"allow":["GET"]}}],"collection":[{"href":"https:\/\/melba-stands.eu\/index.php?rest_route=\/wp\/v2\/pages"}],"about":[{"href":"https:\/\/melba-stands.eu\/index.php?rest_route=\/wp\/v2\/types\/page"}],"author":[{"embeddable":true,"href":"https:\/\/melba-stands.eu\/index.php?rest_route=\/wp\/v2\/users\/1"}],"replies":[{"embeddable":true,"href":"https:\/\/melba-stands.eu\/index.php?rest_route=%2Fwp%2Fv2%2Fcomments&post=1841"}],"version-history":[{"count":1,"href":"https:\/\/melba-stands.eu\/index.php?rest_route=\/wp\/v2\/pages\/1841\/revisions"}],"predecessor-version":[{"id":1842,"href":"https:\/\/melba-stands.eu\/index.php?rest_route=\/wp\/v2\/pages\/1841\/revisions\/1842"}],"wp:attachment":[{"href":"https:\/\/melba-stands.eu\/index.php?rest_route=%2Fwp%2Fv2%2Fmedia&parent=1841"}],"curies":[{"name":"wp","href":"https:\/\/api.w.org\/{rel}","templated":true}]}}