{"id":1849,"date":"2023-11-02T11:00:43","date_gmt":"2023-11-02T10:00:43","guid":{"rendered":"https:\/\/melba-stands.eu\/?page_id=1849"},"modified":"2023-11-02T11:00:44","modified_gmt":"2023-11-02T10:00:44","slug":"niwelowanie-negatywnych-skutkow-brexit-w-przedsiebiorstwie","status":"publish","type":"page","link":"https:\/\/melba-stands.eu\/?page_id=1849","title":{"rendered":"Niwelowanie negatywnych skutk\u00f3w brexit w przedsi\u0119biorstwie"},"content":{"rendered":"\n<figure class=\"wp-block-image size-large\"><a href=\"https:\/\/melba-stands.eu\/wp-content\/uploads\/2023\/11\/image.png\"><img fetchpriority=\"high\" decoding=\"async\" width=\"1024\" height=\"168\" src=\"https:\/\/melba-stands.eu\/wp-content\/uploads\/2023\/11\/image-1024x168.png\" alt=\"\" class=\"wp-image-1850\" srcset=\"https:\/\/melba-stands.eu\/wp-content\/uploads\/2023\/11\/image-1024x168.png 1024w, https:\/\/melba-stands.eu\/wp-content\/uploads\/2023\/11\/image-300x49.png 300w, https:\/\/melba-stands.eu\/wp-content\/uploads\/2023\/11\/image-768x126.png 768w, https:\/\/melba-stands.eu\/wp-content\/uploads\/2023\/11\/image.png 1522w\" sizes=\"(max-width: 1024px) 100vw, 1024px\" \/><\/a><\/figure>\n\n\n\n<p><strong>ANDRZEJ BANASIEWICZ Z.P.U MELBA<\/strong><\/p>\n\n\n\n<p><strong>realizuje projekt dofinansowany przez Uni\u0119 Europejsk\u0105<\/strong><\/p>\n\n\n\n<p><strong>pn. \u201eNiwelowanie negatywnych skutk\u00f3w brexit w przedsi\u0119biorstwie ANDRZEJ BANASIEWICZ Z.P.U MELBA\u201d<\/strong><\/p>\n\n\n\n<p>Nr projektu: PBAR.02.01.00-00-0584\/23<\/p>\n\n\n\n<p>G\u0142\u00f3wnym celem projektu jest dostosowanie przedsi\u0119biorstwa dzia\u0142aj\u0105cego na terytorium Polski i dotkni\u0119tego negatywnymi skutkami brexit, do nowej pobrexitowej rzeczywisto\u015bci.<\/p>\n\n\n\n<p>Efektem projektu jest \u0142agodzenie negatywnych skutk\u00f3w brexitu. &nbsp;<\/p>\n\n\n\n<p>Ca\u0142kowita warto\u015b\u0107 projektu: 25 275,97 EUR<\/p>\n\n\n\n<p>Kwota dofinansowania: 25 275,97 EUR<\/p>\n","protected":false},"excerpt":{"rendered":"<p>ANDRZEJ BANASIEWICZ Z.P.U MELBA realizuje projekt dofinansowany przez Uni\u0119 Europejsk\u0105 pn. \u201eNiwelowanie negatywnych skutk\u00f3w brexit w przedsi\u0119biorstwie ANDRZEJ BANASIEWICZ Z.P.U MELBA\u201d Nr projektu: PBAR.02.01.00-00-0584\/23 G\u0142\u00f3wnym celem projektu jest dostosowanie przedsi\u0119biorstwa dzia\u0142aj\u0105cego na terytorium Polski i dotkni\u0119tego negatywnymi skutkami brexit, do nowej pobrexitowej rzeczywisto\u015bci. Efektem projektu jest \u0142agodzenie negatywnych skutk\u00f3w brexitu. &nbsp; Ca\u0142kowita warto\u015b\u0107 projektu: 25 [&hellip;]<\/p>\n","protected":false},"author":1,"featured_media":0,"parent":0,"menu_order":0,"comment_status":"closed","ping_status":"closed","template":"","meta":{"ngg_post_thumbnail":0,"footnotes":""},"class_list":["post-1849","page","type-page","status-publish","hentry"],"_links":{"self":[{"href":"https:\/\/melba-stands.eu\/index.php?rest_route=\/wp\/v2\/pages\/1849","targetHints":{"allow":["GET"]}}],"collection":[{"href":"https:\/\/melba-stands.eu\/index.php?rest_route=\/wp\/v2\/pages"}],"about":[{"href":"https:\/\/melba-stands.eu\/index.php?rest_route=\/wp\/v2\/types\/page"}],"author":[{"embeddable":true,"href":"https:\/\/melba-stands.eu\/index.php?rest_route=\/wp\/v2\/users\/1"}],"replies":[{"embeddable":true,"href":"https:\/\/melba-stands.eu\/index.php?rest_route=%2Fwp%2Fv2%2Fcomments&post=1849"}],"version-history":[{"count":1,"href":"https:\/\/melba-stands.eu\/index.php?rest_route=\/wp\/v2\/pages\/1849\/revisions"}],"predecessor-version":[{"id":1851,"href":"https:\/\/melba-stands.eu\/index.php?rest_route=\/wp\/v2\/pages\/1849\/revisions\/1851"}],"wp:attachment":[{"href":"https:\/\/melba-stands.eu\/index.php?rest_route=%2Fwp%2Fv2%2Fmedia&parent=1849"}],"curies":[{"name":"wp","href":"https:\/\/api.w.org\/{rel}","templated":true}]}}