{"id":25,"date":"2015-01-30T20:06:26","date_gmt":"2015-01-30T19:06:26","guid":{"rendered":"http:\/\/em-promo.o12.pl\/klienci\/melba\/?page_id=25"},"modified":"2025-05-16T18:48:16","modified_gmt":"2025-05-16T16:48:16","slug":"o-nas","status":"publish","type":"page","link":"https:\/\/melba-stands.eu\/","title":{"rendered":"O nas"},"content":{"rendered":"<p style=\"text-align: center;\"><strong><span style=\"color: navy;\"><span style=\"font-size: medium;\">Firma nasza posiada 20-sto letnie do\u015bwiadczenie w zabudowie stoisk targowych zar\u00f3wno w kraju jak i w Europie.<\/span><\/span><\/strong><\/p>\n<p style=\"margin-bottom: 0cm;\" align=\"JUSTIFY\"><img fetchpriority=\"high\" decoding=\"async\" class=\"aligncenter wp-image-170 size-full\" src=\"http:\/\/em-promo.o12.pl\/klienci\/melba\/wp-content\/uploads\/2015\/01\/createch.jpg\" alt=\"createch\" width=\"516\" height=\"300\" srcset=\"https:\/\/melba-stands.eu\/wp-content\/uploads\/2015\/01\/createch.jpg 516w, https:\/\/melba-stands.eu\/wp-content\/uploads\/2015\/01\/createch-300x174.jpg 300w\" sizes=\"(max-width: 516px) 100vw, 516px\" \/><\/p>\n<p style=\"text-align: center;\"><span style=\"font-size: medium;\">Kompleksowo obs\u0142ugujemy proces budowy oraz wyposa\u017cenia stoisk w elementy o\u015bwietleniowe, graficzne czy dekoracyjne, oddaj\u0105c klientowi stoisko gotowe \u201epod klucz\u201d. <\/span><\/p>\n<p style=\"margin-bottom: 0cm;\" align=\"JUSTIFY\"><img decoding=\"async\" class=\"aligncenter wp-image-171 size-full\" src=\"http:\/\/em-promo.o12.pl\/klienci\/melba\/wp-content\/uploads\/2015\/01\/bh.jpg\" alt=\"bh\" width=\"516\" height=\"300\" srcset=\"https:\/\/melba-stands.eu\/wp-content\/uploads\/2015\/01\/bh.jpg 516w, https:\/\/melba-stands.eu\/wp-content\/uploads\/2015\/01\/bh-300x174.jpg 300w\" sizes=\"(max-width: 516px) 100vw, 516px\" \/><\/p>\n<p style=\"margin-bottom: 0cm; text-align: center;\" align=\"JUSTIFY\"><span style=\"font-size: medium;\">Wsp\u00f3\u0142pracujemy g\u0142ownie z architektami <\/span><span style=\"font-size: medium;\"><span lang=\"es-ES\">z Hiszpanii, <\/span><\/span><span style=\"font-size: medium;\">kt\u00f3rych kreatywno\u015b\u0107 pozwala na tworzenie nowatorskich i niepowtarzalnych stoisk.<\/span><\/p>\n<p style=\"margin-bottom: 0cm; text-align: center;\" align=\"JUSTIFY\"><span style=\"font-size: medium;\">Ka\u017cde ze stoisk posiada indywidualny charakter ekspozycji i jest dostosowane do potrzeb i wizerunku wystawcy.<\/span><\/p>\n","protected":false},"excerpt":{"rendered":"<p>Firma nasza posiada 20-sto letnie do\u015bwiadczenie w zabudowie stoisk targowych zar\u00f3wno w kraju jak i w Europie. Kompleksowo obs\u0142ugujemy proces budowy oraz wyposa\u017cenia stoisk w elementy o\u015bwietleniowe, graficzne czy dekoracyjne, oddaj\u0105c klientowi stoisko gotowe \u201epod klucz\u201d. Wsp\u00f3\u0142pracujemy g\u0142ownie z architektami z Hiszpanii, kt\u00f3rych kreatywno\u015b\u0107 pozwala na tworzenie nowatorskich i niepowtarzalnych stoisk. Ka\u017cde ze stoisk posiada [&hellip;]<\/p>\n","protected":false},"author":1,"featured_media":0,"parent":0,"menu_order":0,"comment_status":"closed","ping_status":"closed","template":"","meta":{"ngg_post_thumbnail":0,"footnotes":""},"class_list":["post-25","page","type-page","status-publish","hentry"],"_links":{"self":[{"href":"https:\/\/melba-stands.eu\/index.php?rest_route=\/wp\/v2\/pages\/25","targetHints":{"allow":["GET"]}}],"collection":[{"href":"https:\/\/melba-stands.eu\/index.php?rest_route=\/wp\/v2\/pages"}],"about":[{"href":"https:\/\/melba-stands.eu\/index.php?rest_route=\/wp\/v2\/types\/page"}],"author":[{"embeddable":true,"href":"https:\/\/melba-stands.eu\/index.php?rest_route=\/wp\/v2\/users\/1"}],"replies":[{"embeddable":true,"href":"https:\/\/melba-stands.eu\/index.php?rest_route=%2Fwp%2Fv2%2Fcomments&post=25"}],"version-history":[{"count":12,"href":"https:\/\/melba-stands.eu\/index.php?rest_route=\/wp\/v2\/pages\/25\/revisions"}],"predecessor-version":[{"id":1984,"href":"https:\/\/melba-stands.eu\/index.php?rest_route=\/wp\/v2\/pages\/25\/revisions\/1984"}],"wp:attachment":[{"href":"https:\/\/melba-stands.eu\/index.php?rest_route=%2Fwp%2Fv2%2Fmedia&parent=25"}],"curies":[{"name":"wp","href":"https:\/\/api.w.org\/{rel}","templated":true}]}}