{"id":32,"date":"2015-01-30T20:07:32","date_gmt":"2015-01-30T19:07:32","guid":{"rendered":"http:\/\/em-promo.o12.pl\/klienci\/melba\/?page_id=32"},"modified":"2025-05-16T18:38:45","modified_gmt":"2025-05-16T16:38:45","slug":"kontakt","status":"publish","type":"page","link":"https:\/\/melba-stands.eu\/?page_id=32","title":{"rendered":"Kontakt"},"content":{"rendered":"\t\t<div data-elementor-type=\"wp-page\" data-elementor-id=\"32\" class=\"elementor elementor-32\">\n\t\t\t\t<div class=\"elementor-element elementor-element-2c148280 e-flex e-con-boxed e-con e-parent\" data-id=\"2c148280\" data-element_type=\"container\">\n\t\t\t\t\t<div class=\"e-con-inner\">\n\t\t\t\t<div class=\"elementor-element elementor-element-1d42ceac elementor-widget elementor-widget-text-editor\" data-id=\"1d42ceac\" data-element_type=\"widget\" data-widget_type=\"text-editor.default\">\n\t\t\t\t<div class=\"elementor-widget-container\">\n\t\t\t\t\t\t\t\t\t<iframe style=\"border: 0;\" src=\"https:\/\/www.google.com\/maps\/embed?pb=!1m18!1m12!1m3!1d2070.6950175044717!2d16.53225338825201!3d51.74400677064464!2m3!1f0!2f0!3f0!3m2!1i1024!2i768!4f13.1!3m3!1m2!1s0x47059af4fc2d83f3%3A0x10eb392a0499369f!2zQ2hyw7PFm2NpbmEgMjlBLCA1Ni0yMDAgQ2hyw7PFm2NpbmE!5e0!3m2!1spl!2spl!4v1740415438377!5m2!1spl!2spl\" width=\"750\" height=\"450\" allowfullscreen=\"allowfullscreen\"><\/iframe>\t\t\t\t\t\t\t\t<\/div>\n\t\t\t\t<\/div>\n\t\t\t\t\t<\/div>\n\t\t\t\t<\/div>\n\t\t<div class=\"elementor-element elementor-element-622bc7b e-flex e-con-boxed e-con e-parent\" data-id=\"622bc7b\" data-element_type=\"container\">\n\t\t\t\t\t<div class=\"e-con-inner\">\n\t\t\t\t<div class=\"elementor-element elementor-element-efc7963 elementor-widget elementor-widget-text-editor\" data-id=\"efc7963\" data-element_type=\"widget\" data-widget_type=\"text-editor.default\">\n\t\t\t\t<div class=\"elementor-widget-container\">\n\t\t\t\t\t\t\t\t\t<p>Z.P.U Melba<br \/>Chr\u00f3\u015bcina 29A<br \/>56-200 G\u00f3ra<br \/>NIP: 699-128-90-21<\/p><p>Tel.: +48 601 43 77 47<br \/>e-mail: biuro@melba-stands.eu<\/p>\t\t\t\t\t\t\t\t<\/div>\n\t\t\t\t<\/div>\n\t\t\t\t\t<\/div>\n\t\t\t\t<\/div>\n\t\t\t\t<\/div>\n\t\t","protected":false},"excerpt":{"rendered":"<p>Z.P.U MelbaChr\u00f3\u015bcina 29A56-200 G\u00f3raNIP: 699-128-90-21 Tel.: +48 601 43 77 47e-mail: biuro@melba-stands.eu<\/p>\n","protected":false},"author":1,"featured_media":0,"parent":0,"menu_order":0,"comment_status":"closed","ping_status":"closed","template":"","meta":{"ngg_post_thumbnail":0,"footnotes":""},"class_list":["post-32","page","type-page","status-publish","hentry"],"_links":{"self":[{"href":"https:\/\/melba-stands.eu\/index.php?rest_route=\/wp\/v2\/pages\/32","targetHints":{"allow":["GET"]}}],"collection":[{"href":"https:\/\/melba-stands.eu\/index.php?rest_route=\/wp\/v2\/pages"}],"about":[{"href":"https:\/\/melba-stands.eu\/index.php?rest_route=\/wp\/v2\/types\/page"}],"author":[{"embeddable":true,"href":"https:\/\/melba-stands.eu\/index.php?rest_route=\/wp\/v2\/users\/1"}],"replies":[{"embeddable":true,"href":"https:\/\/melba-stands.eu\/index.php?rest_route=%2Fwp%2Fv2%2Fcomments&post=32"}],"version-history":[{"count":12,"href":"https:\/\/melba-stands.eu\/index.php?rest_route=\/wp\/v2\/pages\/32\/revisions"}],"predecessor-version":[{"id":1981,"href":"https:\/\/melba-stands.eu\/index.php?rest_route=\/wp\/v2\/pages\/32\/revisions\/1981"}],"wp:attachment":[{"href":"https:\/\/melba-stands.eu\/index.php?rest_route=%2Fwp%2Fv2%2Fmedia&parent=32"}],"curies":[{"name":"wp","href":"https:\/\/api.w.org\/{rel}","templated":true}]}}